{"id":53,"date":"2021-04-08T13:47:16","date_gmt":"2021-04-08T13:47:16","guid":{"rendered":"http:\/\/ykla.aitosalo.fi\/?page_id=53"},"modified":"2025-01-15T16:44:27","modified_gmt":"2025-01-15T14:44:27","slug":"edustukset","status":"publish","type":"page","link":"https:\/\/ykla.fi\/?page_id=53","title":{"rendered":"Edustukset"},"content":{"rendered":"\n<hr class=\"wp-block-separator has-css-opacity is-style-wide\"\/>\n\n\n\n<div style=\"height:25px\" aria-hidden=\"true\" class=\"wp-block-spacer\"><\/div>\n\n\n\n<p><strong>SUOMEN JURISTILIITTO <\/strong><br><br><strong>Valtuuskunta<\/strong><br>Antti Sorjonen<\/p>\n\n\n\n<p>Kimmo Sasi<\/p>\n\n\n\n<p>Leena Kuhanen<br>Katriina Vierula<br>Matleena Engblom\u00a0\u00a0<\/p>\n\n\n\n<p>Sanna-Maria Bertell, varaj\u00e4sen<br><br><strong>Hallitus<\/strong><br>Leena Kuhanen, j\u00e4sen<\/p>\n\n\n\n<p>Kimmo Sasi, varaj\u00e4sen<br><br><\/p>\n\n\n\n<div style=\"height:25px\" aria-hidden=\"true\" class=\"wp-block-spacer\"><\/div>\n","protected":false},"excerpt":{"rendered":"<p>SUOMEN JURISTILIITTO ValtuuskuntaAntti Sorjonen Kimmo Sasi Leena KuhanenKatriina VierulaMatleena Engblom\u00a0\u00a0 Sanna-Maria Bertell, varaj\u00e4sen HallitusLeena Kuhanen, j\u00e4sen Kimmo Sasi, varaj\u00e4sen<\/p>\n","protected":false},"author":1,"featured_media":0,"parent":0,"menu_order":0,"comment_status":"closed","ping_status":"closed","template":"","meta":{"_regular_price":[],"currency_symbol":[],"footnotes":""},"post_slider_layout_featured_media_urls":{"thumbnail":"","post_slider_layout_landscape_large":"","post_slider_layout_portrait_large":"","post_slider_layout_square_large":"","post_slider_layout_landscape":"","post_slider_layout_portrait":"","post_slider_layout_square":"","full":""},"_links":{"self":[{"href":"https:\/\/ykla.fi\/index.php?rest_route=\/wp\/v2\/pages\/53"}],"collection":[{"href":"https:\/\/ykla.fi\/index.php?rest_route=\/wp\/v2\/pages"}],"about":[{"href":"https:\/\/ykla.fi\/index.php?rest_route=\/wp\/v2\/types\/page"}],"author":[{"embeddable":true,"href":"https:\/\/ykla.fi\/index.php?rest_route=\/wp\/v2\/users\/1"}],"replies":[{"embeddable":true,"href":"https:\/\/ykla.fi\/index.php?rest_route=%2Fwp%2Fv2%2Fcomments&post=53"}],"version-history":[{"count":14,"href":"https:\/\/ykla.fi\/index.php?rest_route=\/wp\/v2\/pages\/53\/revisions"}],"predecessor-version":[{"id":465,"href":"https:\/\/ykla.fi\/index.php?rest_route=\/wp\/v2\/pages\/53\/revisions\/465"}],"wp:attachment":[{"href":"https:\/\/ykla.fi\/index.php?rest_route=%2Fwp%2Fv2%2Fmedia&parent=53"}],"curies":[{"name":"wp","href":"https:\/\/api.w.org\/{rel}","templated":true}]}}