{"id":4,"date":"2021-04-08T12:47:05","date_gmt":"2021-04-08T09:47:05","guid":{"rendered":"http:\/\/ykla.aitosalo.fi\/?page_id=2"},"modified":"2026-04-19T18:23:16","modified_gmt":"2026-04-19T15:23:16","slug":"etusivu","status":"publish","type":"page","link":"https:\/\/ykla.fi\/","title":{"rendered":""},"content":{"rendered":"\n<figure class=\"wp-block-image size-large is-resized\"><img decoding=\"async\" loading=\"lazy\" width=\"1024\" height=\"283\" src=\"http:\/\/ykla.fi\/wp-content\/uploads\/2021\/04\/puvut-1024x283.jpg\" alt=\"\" class=\"wp-image-135\" style=\"width:1137px;height:314px\" srcset=\"https:\/\/ykla.fi\/wp-content\/uploads\/2021\/04\/puvut-1024x283.jpg 1024w, https:\/\/ykla.fi\/wp-content\/uploads\/2021\/04\/puvut-300x83.jpg 300w, https:\/\/ykla.fi\/wp-content\/uploads\/2021\/04\/puvut-768x212.jpg 768w, https:\/\/ykla.fi\/wp-content\/uploads\/2021\/04\/puvut-600x166.jpg 600w, https:\/\/ykla.fi\/wp-content\/uploads\/2021\/04\/puvut.jpg 1086w\" sizes=\"(max-width: 1024px) 100vw, 1024px\" \/><\/figure>\n\n\n\n<div style=\"height:25px\" aria-hidden=\"true\" class=\"wp-block-spacer\"><\/div>\n\n\n\n<h1 class=\"wp-block-heading\">Tervetuloa<\/h1>\n\n\n\n<p>N\u00e4ilt\u00e4 sivuilta l\u00f6yd\u00e4t tietoa YKLAn toiminnasta, yhteystiedot sek\u00e4 ajankohtaiset asiat.<\/p>\n\n\n\n<div style=\"height:23px\" aria-hidden=\"true\" class=\"wp-block-spacer\"><\/div>\n\n\n\n<h3 class=\"wp-block-heading\">Viimeisimm\u00e4t p\u00e4ivitykset:<\/h3>\n\n\n\n<p><\/p>\n\n\n\n<div style=\"height:25px\" aria-hidden=\"true\" class=\"wp-block-spacer\"><\/div>\n\n\n<ul class=\"wp-block-latest-posts__list wp-block-latest-posts\"><li><a class=\"wp-block-latest-posts__post-title\" href=\"https:\/\/ykla.fi\/?p=513\">Syysexcursio Poriin pe 11.- la 12.9.2026<\/a><div class=\"wp-block-latest-posts__post-excerpt\">YKLA j\u00e4tjest\u00e4\u00e4 alkusyksyst\u00e4 11-12.9.2026 (pe-la) tutustumisk\u00e4ynti Poriin yhdistyksen aktiivij\u00e4sen Jarmo Hyv\u00e4risen luonnostelemien tutustumiskohteiden pohjalta. Ensimm\u00e4inen p\u00e4iv\u00e4 koostuisi tutustumisk\u00e4ynneist\u00e4 ja p\u00e4\u00e4ttyisi yhteiseen illalliseen. Seuraavana p\u00e4iv\u00e4n\u00e4 olisi mahdollisuus vierailla vaikka esim. Noormarkussa. Kukin osallistuja huolehtisi itse matkoista sek\u00e4 majoituksesta ja ruokailukustannuksista. Lis\u00e4tietoja Kati Vierulalta (kativierula@gmail.com\u00a0tai 0400 609719)<\/div><\/li>\n<li><a class=\"wp-block-latest-posts__post-title\" href=\"https:\/\/ykla.fi\/?p=511\">YKLA-Golf-tapahtuma elo-syyskuun 2026<\/a><div class=\"wp-block-latest-posts__post-excerpt\">Jo legendaarinen YKLA-Golf-tapahtuma elo-syyskuun vaihteessa suunnitteilla. T\u00e4h\u00e4n palaamme my\u00f6hemmin kev\u00e4\u00e4ll\u00e4.<\/div><\/li>\n<li><a class=\"wp-block-latest-posts__post-title\" href=\"https:\/\/ykla.fi\/?p=509\">Kes\u00e4teatteri to 13.8.2026 klo 18.30<\/a><div class=\"wp-block-latest-posts__post-excerpt\">Suomenlinnan kes\u00e4teatteriin olemme varanneet 15 lippua torstaiksi 13.8.2026 Ryhm\u00e4teatterin Miss\u00e4 kuljimme kerran &#8211; esitykseen. Esitys alkaa 18.30. Lis\u00e4tietoja\/ilmoittautumiset Katille: (kativierula@gmail.com).<\/div><\/li>\n<\/ul>\n\n\n<div style=\"height:23px\" aria-hidden=\"true\" class=\"wp-block-spacer\"><\/div>\n\n\n\n<p>YHTEYSTIEDOT 1.1.2025 lukien<\/p>\n\n\n\n<p><\/p>\n\n\n\n<p><strong>Yksityisalojen lakimiehet ry<\/strong><\/p>\n\n\n\n<p>puheenjohtaja <\/p>\n\n\n\n<p>c\/o&nbsp;Katriina Vierula<\/p>\n\n\n\n<p>Meritullinkatu 15 E 51, 00170 Helsinki<\/p>\n","protected":false},"excerpt":{"rendered":"<p>Tervetuloa N\u00e4ilt\u00e4 sivuilta l\u00f6yd\u00e4t tietoa YKLAn toiminnasta, yhteystiedot sek\u00e4 ajankohtaiset asiat. Viimeisimm\u00e4t p\u00e4ivitykset: YHTEYSTIEDOT 1.1.2025 lukien Yksityisalojen lakimiehet ry puheenjohtaja c\/o&nbsp;Katriina Vierula Meritullinkatu 15 E 51, 00170 Helsinki<\/p>\n","protected":false},"author":1,"featured_media":0,"parent":0,"menu_order":0,"comment_status":"closed","ping_status":"closed","template":"","meta":{"_regular_price":[],"currency_symbol":[],"footnotes":""},"post_slider_layout_featured_media_urls":{"thumbnail":"","post_slider_layout_landscape_large":"","post_slider_layout_portrait_large":"","post_slider_layout_square_large":"","post_slider_layout_landscape":"","post_slider_layout_portrait":"","post_slider_layout_square":"","full":""},"_links":{"self":[{"href":"https:\/\/ykla.fi\/index.php?rest_route=\/wp\/v2\/pages\/4"}],"collection":[{"href":"https:\/\/ykla.fi\/index.php?rest_route=\/wp\/v2\/pages"}],"about":[{"href":"https:\/\/ykla.fi\/index.php?rest_route=\/wp\/v2\/types\/page"}],"author":[{"embeddable":true,"href":"https:\/\/ykla.fi\/index.php?rest_route=\/wp\/v2\/users\/1"}],"replies":[{"embeddable":true,"href":"https:\/\/ykla.fi\/index.php?rest_route=%2Fwp%2Fv2%2Fcomments&post=4"}],"version-history":[{"count":29,"href":"https:\/\/ykla.fi\/index.php?rest_route=\/wp\/v2\/pages\/4\/revisions"}],"predecessor-version":[{"id":522,"href":"https:\/\/ykla.fi\/index.php?rest_route=\/wp\/v2\/pages\/4\/revisions\/522"}],"wp:attachment":[{"href":"https:\/\/ykla.fi\/index.php?rest_route=%2Fwp%2Fv2%2Fmedia&parent=4"}],"curies":[{"name":"wp","href":"https:\/\/api.w.org\/{rel}","templated":true}]}}