{"id":32,"date":"2021-04-08T13:22:09","date_gmt":"2021-04-08T13:22:09","guid":{"rendered":"http:\/\/ykla.aitosalo.fi\/?page_id=32"},"modified":"2025-01-15T13:24:16","modified_gmt":"2025-01-15T11:24:16","slug":"jaseneksi","status":"publish","type":"page","link":"https:\/\/ykla.fi\/?page_id=32","title":{"rendered":"Liittyminen tai j\u00e4sentietojen muutos"},"content":{"rendered":"\n<hr class=\"wp-block-separator has-css-opacity aligncenter is-style-wide\"\/>\n\n\n\n<div style=\"height:25px\" aria-hidden=\"true\" class=\"wp-block-spacer\"><\/div>\n\n\n\n<p>Yhdistyksen varsinaiseksi j\u00e4seneksi voidaan hyv\u00e4ksy\u00e4 liike-el\u00e4m\u00e4n, teollisuuden, yksityisten palvelualojen ja j\u00e4rjest\u00f6jen sek\u00e4 muiden sellaisten palveluksessa oleva oikeustieteen kandidaatin tai muun vastaavan tutkinnon suorittanut henkil\u00f6. <\/p>\n\n\n\n<p>Varsinaisen j\u00e4senen vahvistettu vuosij\u00e4senmaksu vuonna 2025 on 30,00 EUR.<\/p>\n\n\n\n<p><strong>Ohje:<\/strong>&nbsp;Mik\u00e4li haet j\u00e4senyytt\u00e4, t\u00e4yt\u00e4th\u00e4n kaikki kent\u00e4t mahdollisuuksien mukaan.<br>J\u00e4sentietojen muutosta varten riitt\u00e4v\u00e4t tiedot joita haluat muuttaa, sek\u00e4<br>tunnistamista varten tarvittavat tiedot (henkil\u00f6tunnus).<\/p>\n\n\n\n<div style=\"height:25px\" aria-hidden=\"true\" class=\"wp-block-spacer\"><\/div>\n\n\n\n\n<div class=\"wpcf7 no-js\" id=\"wpcf7-f6-o1\" lang=\"en-US\" dir=\"ltr\">\n<div class=\"screen-reader-response\"><p role=\"status\" aria-live=\"polite\" aria-atomic=\"true\"><\/p> <ul><\/ul><\/div>\n<form action=\"\/index.php?rest_route=%2Fwp%2Fv2%2Fpages%2F32#wpcf7-f6-o1\" method=\"post\" class=\"wpcf7-form init\" aria-label=\"Contact form\" novalidate=\"novalidate\" data-status=\"init\">\n<div style=\"display: none;\">\n<input type=\"hidden\" name=\"_wpcf7\" value=\"6\" \/>\n<input type=\"hidden\" name=\"_wpcf7_version\" value=\"5.9.8\" \/>\n<input type=\"hidden\" name=\"_wpcf7_locale\" value=\"en_US\" \/>\n<input type=\"hidden\" name=\"_wpcf7_unit_tag\" value=\"wpcf7-f6-o1\" \/>\n<input type=\"hidden\" name=\"_wpcf7_container_post\" value=\"0\" \/>\n<input type=\"hidden\" name=\"_wpcf7_posted_data_hash\" value=\"\" \/>\n<\/div>\n<p><label> Mit\u00e4 haluat tehd\u00e4?<br \/>\n<span class=\"wpcf7-form-control-wrap\" data-name=\"toiminto\"><select class=\"wpcf7-form-control wpcf7-select wpcf7-validates-as-required\" aria-required=\"true\" aria-invalid=\"false\" name=\"toiminto\"><option value=\"Haen j\u00e4seneksi\">Haen j\u00e4seneksi<\/option><option value=\"Haluan muuttaa j\u00e4sentietojani\">Haluan muuttaa j\u00e4sentietojani<\/option><\/select><\/span> <\/label>\n<\/p>\n<p><label> Sukunimi<br \/>\n<span class=\"wpcf7-form-control-wrap\" data-name=\"sukunimi\"><input size=\"40\" maxlength=\"400\" class=\"wpcf7-form-control wpcf7-text wpcf7-validates-as-required\" aria-required=\"true\" aria-invalid=\"false\" value=\"\" type=\"text\" name=\"sukunimi\" \/><\/span> <\/label>\n<\/p>\n<p><label> Etunimet<br \/>\n<span class=\"wpcf7-form-control-wrap\" data-name=\"etunimet\"><input size=\"40\" maxlength=\"400\" class=\"wpcf7-form-control wpcf7-text wpcf7-validates-as-required\" aria-required=\"true\" aria-invalid=\"false\" value=\"\" type=\"text\" name=\"etunimet\" \/><\/span> <\/label>\n<\/p>\n<p><label> Henkil\u00f6tunnus<br \/>\n<span class=\"wpcf7-form-control-wrap\" data-name=\"hetu\"><input size=\"40\" maxlength=\"400\" class=\"wpcf7-form-control wpcf7-text wpcf7-validates-as-required\" aria-required=\"true\" aria-invalid=\"false\" value=\"\" type=\"text\" name=\"hetu\" \/><\/span> <\/label>\n<\/p>\n<p><label> Osoite<br \/>\n<span class=\"wpcf7-form-control-wrap\" data-name=\"osoite\"><input size=\"40\" maxlength=\"400\" class=\"wpcf7-form-control wpcf7-text wpcf7-validates-as-required\" aria-required=\"true\" aria-invalid=\"false\" value=\"\" type=\"text\" name=\"osoite\" \/><\/span> <\/label>\n<\/p>\n<p><label> Postinumero<br \/>\n<span class=\"wpcf7-form-control-wrap\" data-name=\"postinro\"><input size=\"40\" maxlength=\"400\" class=\"wpcf7-form-control wpcf7-text wpcf7-validates-as-required\" aria-required=\"true\" aria-invalid=\"false\" value=\"\" type=\"text\" name=\"postinro\" \/><\/span> <\/label>\n<\/p>\n<p><label> Postitoimipaikka<br \/>\n<span class=\"wpcf7-form-control-wrap\" data-name=\"postitpka\"><input size=\"40\" maxlength=\"400\" class=\"wpcf7-form-control wpcf7-text wpcf7-validates-as-required\" aria-required=\"true\" aria-invalid=\"false\" value=\"\" type=\"text\" name=\"postitpka\" \/><\/span> <\/label>\n<\/p>\n<p><label> Puhelin koti<br \/>\n<span class=\"wpcf7-form-control-wrap\" data-name=\"kotipuh\"><input size=\"40\" maxlength=\"400\" class=\"wpcf7-form-control wpcf7-tel wpcf7-validates-as-required wpcf7-text wpcf7-validates-as-tel\" aria-required=\"true\" aria-invalid=\"false\" value=\"\" type=\"tel\" name=\"kotipuh\" \/><\/span> <\/label>\n<\/p>\n<p><label> Puhelin ty\u00f6<br \/>\n<span class=\"wpcf7-form-control-wrap\" data-name=\"tyopuh\"><input size=\"40\" maxlength=\"400\" class=\"wpcf7-form-control wpcf7-tel wpcf7-text wpcf7-validates-as-tel\" aria-invalid=\"false\" value=\"\" type=\"tel\" name=\"tyopuh\" \/><\/span> <\/label>\n<\/p>\n<p><label> S\u00e4hk\u00f6posti<br \/>\n<span class=\"wpcf7-form-control-wrap\" data-name=\"sposti\"><input size=\"40\" maxlength=\"400\" class=\"wpcf7-form-control wpcf7-email wpcf7-validates-as-required wpcf7-text wpcf7-validates-as-email\" aria-required=\"true\" aria-invalid=\"false\" value=\"\" type=\"email\" name=\"sposti\" \/><\/span> <\/label>\n<\/p>\n<p><label> Tutkinto<br \/>\n<span class=\"wpcf7-form-control-wrap\" data-name=\"tutkinto\"><input size=\"40\" maxlength=\"400\" class=\"wpcf7-form-control wpcf7-text wpcf7-validates-as-required\" aria-required=\"true\" aria-invalid=\"false\" value=\"\" type=\"text\" name=\"tutkinto\" \/><\/span> <\/label>\n<\/p>\n<p><label> Tutkintovuosi<br \/>\n<span class=\"wpcf7-form-control-wrap\" data-name=\"tutkintovuosi\"><input size=\"40\" maxlength=\"400\" class=\"wpcf7-form-control wpcf7-text wpcf7-validates-as-required\" aria-required=\"true\" aria-invalid=\"false\" value=\"\" type=\"text\" name=\"tutkintovuosi\" \/><\/span> <\/label>\n<\/p>\n<p><label> Ty\u00f6nantaja<br \/>\n<span class=\"wpcf7-form-control-wrap\" data-name=\"tyonantaja\"><input size=\"40\" maxlength=\"400\" class=\"wpcf7-form-control wpcf7-text wpcf7-validates-as-required\" aria-required=\"true\" aria-invalid=\"false\" value=\"\" type=\"text\" name=\"tyonantaja\" \/><\/span> <\/label>\n<\/p>\n<p><label> Teht\u00e4v\u00e4nimike<br \/>\n<span class=\"wpcf7-form-control-wrap\" data-name=\"tehtavanimike\"><input size=\"40\" maxlength=\"400\" class=\"wpcf7-form-control wpcf7-text\" aria-invalid=\"false\" value=\"\" type=\"text\" name=\"tehtavanimike\" \/><\/span> <\/label>\n<\/p>\n<p><input class=\"wpcf7-form-control wpcf7-submit has-spinner\" type=\"submit\" value=\"L\u00e4het\u00e4\" \/>\n<\/p><div class=\"wpcf7-response-output\" aria-hidden=\"true\"><\/div>\n<\/form>\n<\/div>\n\n\n\n\n<p><\/p>\n\n\n\n<p><\/p>\n","protected":false},"excerpt":{"rendered":"<p>Yhdistyksen varsinaiseksi j\u00e4seneksi voidaan hyv\u00e4ksy\u00e4 liike-el\u00e4m\u00e4n, teollisuuden, yksityisten palvelualojen ja j\u00e4rjest\u00f6jen sek\u00e4 muiden sellaisten palveluksessa oleva oikeustieteen kandidaatin tai muun vastaavan tutkinnon suorittanut henkil\u00f6. Varsinaisen j\u00e4senen vahvistettu vuosij\u00e4senmaksu vuonna 2025 on 30,00 EUR. Ohje:&nbsp;Mik\u00e4li haet j\u00e4senyytt\u00e4, t\u00e4yt\u00e4th\u00e4n kaikki kent\u00e4t mahdollisuuksien mukaan.J\u00e4sentietojen muutosta varten riitt\u00e4v\u00e4t tiedot joita haluat muuttaa, sek\u00e4tunnistamista varten tarvittavat tiedot (henkil\u00f6tunnus).<\/p>\n","protected":false},"author":1,"featured_media":0,"parent":0,"menu_order":0,"comment_status":"closed","ping_status":"closed","template":"elementor_theme","meta":{"_regular_price":[],"currency_symbol":[],"footnotes":""},"post_slider_layout_featured_media_urls":{"thumbnail":"","post_slider_layout_landscape_large":"","post_slider_layout_portrait_large":"","post_slider_layout_square_large":"","post_slider_layout_landscape":"","post_slider_layout_portrait":"","post_slider_layout_square":"","full":""},"_links":{"self":[{"href":"https:\/\/ykla.fi\/index.php?rest_route=\/wp\/v2\/pages\/32"}],"collection":[{"href":"https:\/\/ykla.fi\/index.php?rest_route=\/wp\/v2\/pages"}],"about":[{"href":"https:\/\/ykla.fi\/index.php?rest_route=\/wp\/v2\/types\/page"}],"author":[{"embeddable":true,"href":"https:\/\/ykla.fi\/index.php?rest_route=\/wp\/v2\/users\/1"}],"replies":[{"embeddable":true,"href":"https:\/\/ykla.fi\/index.php?rest_route=%2Fwp%2Fv2%2Fcomments&post=32"}],"version-history":[{"count":16,"href":"https:\/\/ykla.fi\/index.php?rest_route=\/wp\/v2\/pages\/32\/revisions"}],"predecessor-version":[{"id":460,"href":"https:\/\/ykla.fi\/index.php?rest_route=\/wp\/v2\/pages\/32\/revisions\/460"}],"wp:attachment":[{"href":"https:\/\/ykla.fi\/index.php?rest_route=%2Fwp%2Fv2%2Fmedia&parent=32"}],"curies":[{"name":"wp","href":"https:\/\/api.w.org\/{rel}","templated":true}]}}